{"id":39,"date":"2024-10-17T10:59:03","date_gmt":"2024-10-17T08:59:03","guid":{"rendered":"https:\/\/xn--jagdhtteschnenberg-n3b7i.ch\/cms\/?page_id=39"},"modified":"2026-02-26T10:01:48","modified_gmt":"2026-02-26T09:01:48","slug":"startseite","status":"publish","type":"page","link":"https:\/\/xn--jagdhtteschnenberg-n3b7i.ch\/cms\/","title":{"rendered":"Startseite"},"content":{"rendered":"\t\t<div data-elementor-type=\"wp-page\" data-elementor-id=\"39\" class=\"elementor elementor-39\">\n\t\t\t\t<div class=\"elementor-element elementor-element-f8b54ab e-flex e-con-boxed e-con e-parent\" data-id=\"f8b54ab\" data-element_type=\"container\">\n\t\t\t\t\t<div class=\"e-con-inner\">\n\t\t\t\t<div class=\"elementor-element elementor-element-a184613 elementor-widget elementor-widget-heading\" data-id=\"a184613\" data-element_type=\"widget\" data-widget_type=\"heading.default\">\n\t\t\t\t<div class=\"elementor-widget-container\">\n\t\t\t\t\t<h1 class=\"elementor-heading-title elementor-size-default\">Die Waldh\u00fctte f\u00fcr alle F\u00e4lle........\n\u200b<\/h1>\t\t\t\t<\/div>\n\t\t\t\t<\/div>\n\t\t\t\t<div class=\"elementor-element elementor-element-46c6d88 elementor-widget elementor-widget-text-editor\" data-id=\"46c6d88\" data-element_type=\"widget\" data-widget_type=\"text-editor.default\">\n\t\t\t\t<div class=\"elementor-widget-container\">\n\t\t\t\t\t\t\t\t\t<h3 data-start=\"232\" data-end=\"287\">Waldh\u00fctte am Waldrand \u2013 der ideale Ort f\u00fcr Ihr Fest<\/h3><p data-start=\"289\" data-end=\"474\">Unsere idyllisch gelegene Jagdh\u00fctte bietet den perfekten Rahmen f\u00fcr <strong data-start=\"357\" data-end=\"441\">Geburtstage, Firmenfeiern, Taufen, Kindergeburtstage, Vereinsanl\u00e4sse, Hochzeiten<\/strong> und <strong data-start=\"446\" data-end=\"471\">Klassenzusammenk\u00fcnfte<\/strong>.<\/p><p data-start=\"476\" data-end=\"603\">Im gem\u00fctlichen Innenraum finden <strong data-start=\"508\" data-end=\"526\">50\u201360 Personen<\/strong> Platz, draussen unter dem grossz\u00fcgigen Vordach nochmals etwa <strong data-start=\"588\" data-end=\"600\">50 G\u00e4ste<\/strong>.<\/p><p data-start=\"605\" data-end=\"791\">Nur <strong data-start=\"609\" data-end=\"640\">500 Meter oberhalb der Sihl<\/strong> gelegen und bequem zu Fuss erreichbar, ist die H\u00fctte ideal f\u00fcr alle, die inmitten der Natur feiern m\u00f6chten \u2013 ruhig, charmant und direkt am Waldrand.<\/p>\t\t\t\t\t\t\t\t<\/div>\n\t\t\t\t<\/div>\n\t\t\t\t<div class=\"elementor-element elementor-element-fd98153 elementor-widget elementor-widget-text-editor\" data-id=\"fd98153\" data-element_type=\"widget\" data-widget_type=\"text-editor.default\">\n\t\t\t\t<div class=\"elementor-widget-container\">\n\t\t\t\t\t\t\t\t\t<div><span style=\"color: #ff0000;\">Es besteht die M\u00f6glichkeit f\u00fcr Fr. 50.00 die Stunde\u00a0eine Putzfee zu buchen.<\/span><\/div><div><span style=\"color: #ff0000;\">Die Abgabe \u00fcbernimmt dann die Putzfrau f\u00fcr Sie.\u00a0\u00a0<\/span><\/div>\t\t\t\t\t\t\t\t<\/div>\n\t\t\t\t<\/div>\n\t\t\t\t\t<\/div>\n\t\t\t\t<\/div>\n\t\t<div class=\"elementor-element elementor-element-fef6ac8 e-flex e-con-boxed e-con e-parent\" data-id=\"fef6ac8\" data-element_type=\"container\">\n\t\t\t\t\t<div class=\"e-con-inner\">\n\t\t\t\t<div class=\"elementor-element elementor-element-b1f21b6 elementor-widget elementor-widget-image\" data-id=\"b1f21b6\" data-element_type=\"widget\" data-widget_type=\"image.default\">\n\t\t\t\t<div class=\"elementor-widget-container\">\n\t\t\t\t\t\t\t\t\t\t\t\t\t\t\t<img fetchpriority=\"high\" decoding=\"async\" width=\"1024\" height=\"768\" src=\"https:\/\/xn--jagdhtteschnenberg-n3b7i.ch\/cms\/wp-content\/uploads\/2026\/02\/IMG_4876-1024x768.jpeg\" class=\"attachment-large size-large wp-image-280\" alt=\"\" srcset=\"https:\/\/xn--jagdhtteschnenberg-n3b7i.ch\/cms\/wp-content\/uploads\/2026\/02\/IMG_4876-1024x768.jpeg 1024w, https:\/\/xn--jagdhtteschnenberg-n3b7i.ch\/cms\/wp-content\/uploads\/2026\/02\/IMG_4876-300x225.jpeg 300w, https:\/\/xn--jagdhtteschnenberg-n3b7i.ch\/cms\/wp-content\/uploads\/2026\/02\/IMG_4876-768x576.jpeg 768w, https:\/\/xn--jagdhtteschnenberg-n3b7i.ch\/cms\/wp-content\/uploads\/2026\/02\/IMG_4876-1536x1152.jpeg 1536w, https:\/\/xn--jagdhtteschnenberg-n3b7i.ch\/cms\/wp-content\/uploads\/2026\/02\/IMG_4876-2048x1536.jpeg 2048w\" sizes=\"(max-width: 1024px) 100vw, 1024px\" \/>\t\t\t\t\t\t\t\t\t\t\t\t\t\t\t<\/div>\n\t\t\t\t<\/div>\n\t\t\t\t\t<\/div>\n\t\t\t\t<\/div>\n\t\t\t\t<\/div>\n\t\t","protected":false},"excerpt":{"rendered":"<p>Die Waldh\u00fctte f\u00fcr alle F\u00e4lle&#8230;&#8230;.. \u200b Waldh\u00fctte am Waldrand \u2013 der ideale Ort f\u00fcr Ihr Fest Unsere idyllisch gelegene Jagdh\u00fctte bietet den perfekten Rahmen f\u00fcr Geburtstage, Firmenfeiern, Taufen, Kindergeburtstage, Vereinsanl\u00e4sse, Hochzeiten und Klassenzusammenk\u00fcnfte. Im gem\u00fctlichen Innenraum finden 50\u201360 Personen Platz, draussen unter dem grossz\u00fcgigen Vordach nochmals etwa 50 G\u00e4ste. Nur 500 Meter oberhalb der Sihl&hellip;&nbsp;<a href=\"https:\/\/xn--jagdhtteschnenberg-n3b7i.ch\/cms\/\" rel=\"bookmark\">Weiterlesen &raquo;<span class=\"screen-reader-text\">Startseite<\/span><\/a><\/p>\n","protected":false},"author":1,"featured_media":0,"parent":0,"menu_order":0,"comment_status":"closed","ping_status":"closed","template":"page-templates\/template-pagebuilder-full-width.php","meta":{"neve_meta_sidebar":"","neve_meta_container":"","neve_meta_enable_content_width":"","neve_meta_content_width":0,"neve_meta_title_alignment":"","neve_meta_author_avatar":"","neve_post_elements_order":"","neve_meta_disable_header":"","neve_meta_disable_footer":"","neve_meta_disable_title":"","footnotes":""},"class_list":["post-39","page","type-page","status-publish","hentry"],"_links":{"self":[{"href":"https:\/\/xn--jagdhtteschnenberg-n3b7i.ch\/cms\/wp-json\/wp\/v2\/pages\/39","targetHints":{"allow":["GET"]}}],"collection":[{"href":"https:\/\/xn--jagdhtteschnenberg-n3b7i.ch\/cms\/wp-json\/wp\/v2\/pages"}],"about":[{"href":"https:\/\/xn--jagdhtteschnenberg-n3b7i.ch\/cms\/wp-json\/wp\/v2\/types\/page"}],"author":[{"embeddable":true,"href":"https:\/\/xn--jagdhtteschnenberg-n3b7i.ch\/cms\/wp-json\/wp\/v2\/users\/1"}],"replies":[{"embeddable":true,"href":"https:\/\/xn--jagdhtteschnenberg-n3b7i.ch\/cms\/wp-json\/wp\/v2\/comments?post=39"}],"version-history":[{"count":28,"href":"https:\/\/xn--jagdhtteschnenberg-n3b7i.ch\/cms\/wp-json\/wp\/v2\/pages\/39\/revisions"}],"predecessor-version":[{"id":296,"href":"https:\/\/xn--jagdhtteschnenberg-n3b7i.ch\/cms\/wp-json\/wp\/v2\/pages\/39\/revisions\/296"}],"wp:attachment":[{"href":"https:\/\/xn--jagdhtteschnenberg-n3b7i.ch\/cms\/wp-json\/wp\/v2\/media?parent=39"}],"curies":[{"name":"wp","href":"https:\/\/api.w.org\/{rel}","templated":true}]}}