{"id":139,"date":"2024-10-17T11:56:51","date_gmt":"2024-10-17T09:56:51","guid":{"rendered":"https:\/\/xn--jagdhtteschnenberg-n3b7i.ch\/cms\/?page_id=139"},"modified":"2025-09-25T11:27:14","modified_gmt":"2025-09-25T09:27:14","slug":"bedingungen","status":"publish","type":"page","link":"https:\/\/xn--jagdhtteschnenberg-n3b7i.ch\/cms\/bedingungen\/","title":{"rendered":"Bedingungen"},"content":{"rendered":"\t\t<div data-elementor-type=\"wp-page\" data-elementor-id=\"139\" class=\"elementor elementor-139\">\n\t\t\t\t<div class=\"elementor-element elementor-element-601d434 e-flex e-con-boxed e-con e-parent\" data-id=\"601d434\" data-element_type=\"container\">\n\t\t\t\t\t<div class=\"e-con-inner\">\n\t\t\t\t<div class=\"elementor-element elementor-element-09385c0 elementor-widget elementor-widget-text-editor\" data-id=\"09385c0\" data-element_type=\"widget\" data-widget_type=\"text-editor.default\">\n\t\t\t\t<div class=\"elementor-widget-container\">\n\t\t\t\t\t\t\t\t\t<div><u><strong>Unsere Gesch\u00e4ftsbedingungen<\/strong><\/u><\/div>\n<div>&nbsp;<\/div>\n<div>&#8211; F\u00fcr die Miete der Jagdh\u00fctte muss man mindestens 19&nbsp;Jahre alt sein<\/div>\n<div>&#8211; Wir haben eine K\u00fcndigungsfrist von 2 Monaten<\/div>\n<div>&#8211; Im Freien kann man bis 22.00 Uhr feiern, nachher ist nur noch Zimmerlautst\u00e4rke erlaubt. Auch in der Jagdh\u00fctte ist ab 22.00 Uhr nur noch dezente Musik erlaubt.<\/div>\n<div>&#8211; Falls sich jemand verletzt oder etwas kaputt gehen sollte, &nbsp;\u00fcbernehmen wir keine Haftung. Die Versicherung ist seitens des Mieters<\/div>\n<div>&#8211; Der Abfall muss vom Mieter entsorgt werden<\/div>\n<div>&#8211; Bei&nbsp;Sachsch\u00e4den muss der Mieter f\u00fcr den Schaden aufkommen<\/div>\n<div>&#8211; Wir&nbsp;haben nicht so viel Strom zur Verf\u00fcgung, f\u00fcr den normalen Gebrauch reicht es.<\/div>\t\t\t\t\t\t\t\t<\/div>\n\t\t\t\t<\/div>\n\t\t\t\t\t<\/div>\n\t\t\t\t<\/div>\n\t\t\t\t<\/div>\n\t\t","protected":false},"excerpt":{"rendered":"<p>Unsere Gesch\u00e4ftsbedingungen &nbsp; &#8211; F\u00fcr die Miete der Jagdh\u00fctte muss man mindestens 19&nbsp;Jahre alt sein &#8211; Wir haben eine K\u00fcndigungsfrist von 2 Monaten &#8211; Im Freien kann man bis 22.00 Uhr feiern, nachher ist nur noch Zimmerlautst\u00e4rke erlaubt. Auch in der Jagdh\u00fctte ist ab 22.00 Uhr nur noch dezente Musik erlaubt. &#8211; Falls sich jemand&hellip;&nbsp;<a href=\"https:\/\/xn--jagdhtteschnenberg-n3b7i.ch\/cms\/bedingungen\/\" rel=\"bookmark\">Weiterlesen &raquo;<span class=\"screen-reader-text\">Bedingungen<\/span><\/a><\/p>\n","protected":false},"author":1,"featured_media":0,"parent":0,"menu_order":0,"comment_status":"closed","ping_status":"closed","template":"elementor_header_footer","meta":{"neve_meta_sidebar":"","neve_meta_container":"","neve_meta_enable_content_width":"","neve_meta_content_width":0,"neve_meta_title_alignment":"","neve_meta_author_avatar":"","neve_post_elements_order":"","neve_meta_disable_header":"","neve_meta_disable_footer":"","neve_meta_disable_title":"","footnotes":""},"class_list":["post-139","page","type-page","status-publish","hentry"],"_links":{"self":[{"href":"https:\/\/xn--jagdhtteschnenberg-n3b7i.ch\/cms\/wp-json\/wp\/v2\/pages\/139","targetHints":{"allow":["GET"]}}],"collection":[{"href":"https:\/\/xn--jagdhtteschnenberg-n3b7i.ch\/cms\/wp-json\/wp\/v2\/pages"}],"about":[{"href":"https:\/\/xn--jagdhtteschnenberg-n3b7i.ch\/cms\/wp-json\/wp\/v2\/types\/page"}],"author":[{"embeddable":true,"href":"https:\/\/xn--jagdhtteschnenberg-n3b7i.ch\/cms\/wp-json\/wp\/v2\/users\/1"}],"replies":[{"embeddable":true,"href":"https:\/\/xn--jagdhtteschnenberg-n3b7i.ch\/cms\/wp-json\/wp\/v2\/comments?post=139"}],"version-history":[{"count":10,"href":"https:\/\/xn--jagdhtteschnenberg-n3b7i.ch\/cms\/wp-json\/wp\/v2\/pages\/139\/revisions"}],"predecessor-version":[{"id":258,"href":"https:\/\/xn--jagdhtteschnenberg-n3b7i.ch\/cms\/wp-json\/wp\/v2\/pages\/139\/revisions\/258"}],"wp:attachment":[{"href":"https:\/\/xn--jagdhtteschnenberg-n3b7i.ch\/cms\/wp-json\/wp\/v2\/media?parent=139"}],"curies":[{"name":"wp","href":"https:\/\/api.w.org\/{rel}","templated":true}]}}