{"id":110,"date":"2024-10-17T11:40:33","date_gmt":"2024-10-17T09:40:33","guid":{"rendered":"https:\/\/xn--jagdhtteschnenberg-n3b7i.ch\/cms\/?page_id=110"},"modified":"2025-09-25T13:24:04","modified_gmt":"2025-09-25T11:24:04","slug":"kontakt","status":"publish","type":"page","link":"https:\/\/xn--jagdhtteschnenberg-n3b7i.ch\/cms\/kontakt\/","title":{"rendered":"Kontakt"},"content":{"rendered":"\t\t<div data-elementor-type=\"wp-page\" data-elementor-id=\"110\" class=\"elementor elementor-110\">\n\t\t\t\t<div class=\"elementor-element elementor-element-a094ed8 e-flex e-con-boxed e-con e-parent\" data-id=\"a094ed8\" data-element_type=\"container\">\n\t\t\t\t\t<div class=\"e-con-inner\">\n\t\t<div class=\"elementor-element elementor-element-5277327 e-con-full e-flex e-con e-child\" data-id=\"5277327\" data-element_type=\"container\">\n\t\t\t\t<div class=\"elementor-element elementor-element-e32398b elementor-widget elementor-widget-text-editor\" data-id=\"e32398b\" data-element_type=\"widget\" data-widget_type=\"text-editor.default\">\n\t\t\t\t<div class=\"elementor-widget-container\">\n\t\t\t\t\t\t\t\t\t<div><b>Jagdh\u00fctte Sch\u00f6nenberg<\/b><\/div><div><b>S\u00e4ge 9<\/b><\/div><div><b>8824 Sch\u00f6nenberg\u00a0<\/b><\/div><div>\u00a0<\/div><div>Verwaltung:\u00a0<br \/>DISAGA GmbH<\/div><div>Gabriela Streit<\/div><div>S\u00e4ge 3<\/div><div>8824 Sch\u00f6nenberg<\/div><div>Telefon: <a href=\"tel:0786718323\">078 671 83 23<\/a><\/div><div>Mail: \u00a0 \u00a0\u00a0 <a href=\"mailto:disaga@bluewin.ch\">disaga@bluewin.ch<\/a><\/div>\t\t\t\t\t\t\t\t<\/div>\n\t\t\t\t<\/div>\n\t\t\t\t<div class=\"elementor-element elementor-element-c50cdd1 elementor-widget elementor-widget-google_maps\" data-id=\"c50cdd1\" data-element_type=\"widget\" data-widget_type=\"google_maps.default\">\n\t\t\t\t<div class=\"elementor-widget-container\">\n\t\t\t\t\t\t\t<div class=\"elementor-custom-embed\">\n\t\t\t<iframe loading=\"lazy\"\n\t\t\t\t\tsrc=\"https:\/\/maps.google.com\/maps?q=S%C3%A4ge%203%2C%208824%20Sch%C3%B6nenberg&#038;t=m&#038;z=14&#038;output=embed&#038;iwloc=near\"\n\t\t\t\t\ttitle=\"S\u00e4ge 3, 8824 Sch\u00f6nenberg\"\n\t\t\t\t\taria-label=\"S\u00e4ge 3, 8824 Sch\u00f6nenberg\"\n\t\t\t><\/iframe>\n\t\t<\/div>\n\t\t\t\t\t\t<\/div>\n\t\t\t\t<\/div>\n\t\t\t\t<\/div>\n\t\t\t\t<div class=\"elementor-element elementor-element-76b98d3 elementor-widget elementor-widget-text-editor\" data-id=\"76b98d3\" data-element_type=\"widget\" data-widget_type=\"text-editor.default\">\n\t\t\t\t<div class=\"elementor-widget-container\">\n\t\t\t\t\t\t\t\t\t\n<div class=\"wpcf7 no-js\" id=\"wpcf7-f6-o1\" lang=\"de-CH\" dir=\"ltr\" data-wpcf7-id=\"6\">\n<div class=\"screen-reader-response\"><p role=\"status\" aria-live=\"polite\" aria-atomic=\"true\"><\/p> <ul><\/ul><\/div>\n<form action=\"\/cms\/wp-json\/wp\/v2\/pages\/110#wpcf7-f6-o1\" method=\"post\" class=\"wpcf7-form init\" aria-label=\"Contact form\" novalidate=\"novalidate\" data-status=\"init\">\n<fieldset class=\"hidden-fields-container\"><input type=\"hidden\" name=\"_wpcf7\" value=\"6\" \/><input type=\"hidden\" name=\"_wpcf7_version\" value=\"6.1.1\" \/><input type=\"hidden\" name=\"_wpcf7_locale\" value=\"de_CH\" \/><input type=\"hidden\" name=\"_wpcf7_unit_tag\" value=\"wpcf7-f6-o1\" \/><input type=\"hidden\" name=\"_wpcf7_container_post\" value=\"0\" \/><input type=\"hidden\" name=\"_wpcf7_posted_data_hash\" value=\"\" \/>\n<\/fieldset>\n<p><label> Name:*<br \/>\n<span class=\"wpcf7-form-control-wrap\" data-name=\"your-name\"><input size=\"40\" maxlength=\"400\" class=\"wpcf7-form-control wpcf7-text wpcf7-validates-as-required\" autocomplete=\"name\" aria-required=\"true\" aria-invalid=\"false\" value=\"\" type=\"text\" name=\"your-name\" \/><\/span> <\/label>\n<\/p>\n<p><label> Telefon:<br \/>\n<span class=\"wpcf7-form-control-wrap\" data-name=\"tel\"><input size=\"40\" maxlength=\"400\" class=\"wpcf7-form-control wpcf7-tel wpcf7-text wpcf7-validates-as-tel\" aria-invalid=\"false\" value=\"\" type=\"tel\" name=\"tel\" \/><\/span> <\/label>\n<\/p>\n<p><label> E-Mail:*<br \/>\n<span class=\"wpcf7-form-control-wrap\" data-name=\"email\"><input size=\"40\" maxlength=\"400\" class=\"wpcf7-form-control wpcf7-email wpcf7-validates-as-required wpcf7-text wpcf7-validates-as-email\" aria-required=\"true\" aria-invalid=\"false\" value=\"\" type=\"email\" name=\"email\" \/><\/span> <\/label>\n<\/p>\n<p><label> Adresse:*<br \/>\n<span class=\"wpcf7-form-control-wrap\" data-name=\"adresse\"><input size=\"40\" maxlength=\"400\" class=\"wpcf7-form-control wpcf7-text wpcf7-validates-as-required\" aria-required=\"true\" aria-invalid=\"false\" value=\"\" type=\"text\" name=\"adresse\" \/><\/span><\/label>\n<\/p>\n<p><label> Nachricht:<br \/>\n<span class=\"wpcf7-form-control-wrap\" data-name=\"your-message\"><textarea cols=\"40\" rows=\"10\" maxlength=\"2000\" class=\"wpcf7-form-control wpcf7-textarea\" aria-invalid=\"false\" name=\"your-message\"><\/textarea><\/span> <\/label>\n<\/p>\n<p class=\"honeypot\" style=\"display:none;\"><br \/>\n<label>plz:<\/label><br \/>\n<input type=\"text\" name=\"ovrzpi1037\" value=\"\" \/>\n<\/p>\n<p><input class=\"wpcf7-form-control wpcf7-submit has-spinner\" type=\"submit\" value=\"Schicken\" \/>\n<\/p><div class=\"wpcf7-response-output\" aria-hidden=\"true\"><\/div>\n<\/form>\n<\/div>\n\t\t\t\t\t\t\t\t<\/div>\n\t\t\t\t<\/div>\n\t\t\t\t\t<\/div>\n\t\t\t\t<\/div>\n\t\t\t\t<\/div>\n\t\t","protected":false},"excerpt":{"rendered":"<p>Jagdh\u00fctte Sch\u00f6nenbergS\u00e4ge 98824 Sch\u00f6nenberg\u00a0\u00a0Verwaltung:\u00a0DISAGA GmbHGabriela StreitS\u00e4ge 38824 Sch\u00f6nenbergTelefon: 078 671 83 23Mail: \u00a0 \u00a0\u00a0 disaga@bluewin.ch<\/p>\n","protected":false},"author":1,"featured_media":0,"parent":0,"menu_order":0,"comment_status":"closed","ping_status":"closed","template":"elementor_header_footer","meta":{"neve_meta_sidebar":"","neve_meta_container":"","neve_meta_enable_content_width":"","neve_meta_content_width":0,"neve_meta_title_alignment":"","neve_meta_author_avatar":"","neve_post_elements_order":"","neve_meta_disable_header":"","neve_meta_disable_footer":"","neve_meta_disable_title":"","footnotes":""},"class_list":["post-110","page","type-page","status-publish","hentry"],"_links":{"self":[{"href":"https:\/\/xn--jagdhtteschnenberg-n3b7i.ch\/cms\/wp-json\/wp\/v2\/pages\/110","targetHints":{"allow":["GET"]}}],"collection":[{"href":"https:\/\/xn--jagdhtteschnenberg-n3b7i.ch\/cms\/wp-json\/wp\/v2\/pages"}],"about":[{"href":"https:\/\/xn--jagdhtteschnenberg-n3b7i.ch\/cms\/wp-json\/wp\/v2\/types\/page"}],"author":[{"embeddable":true,"href":"https:\/\/xn--jagdhtteschnenberg-n3b7i.ch\/cms\/wp-json\/wp\/v2\/users\/1"}],"replies":[{"embeddable":true,"href":"https:\/\/xn--jagdhtteschnenberg-n3b7i.ch\/cms\/wp-json\/wp\/v2\/comments?post=110"}],"version-history":[{"count":10,"href":"https:\/\/xn--jagdhtteschnenberg-n3b7i.ch\/cms\/wp-json\/wp\/v2\/pages\/110\/revisions"}],"predecessor-version":[{"id":264,"href":"https:\/\/xn--jagdhtteschnenberg-n3b7i.ch\/cms\/wp-json\/wp\/v2\/pages\/110\/revisions\/264"}],"wp:attachment":[{"href":"https:\/\/xn--jagdhtteschnenberg-n3b7i.ch\/cms\/wp-json\/wp\/v2\/media?parent=110"}],"curies":[{"name":"wp","href":"https:\/\/api.w.org\/{rel}","templated":true}]}}